{"id":481,"date":"2023-02-06T14:37:17","date_gmt":"2023-02-06T07:37:17","guid":{"rendered":"https:\/\/smartcityasia.vn\/trang-chu\/"},"modified":"2026-02-05T09:06:05","modified_gmt":"2026-02-05T02:06:05","slug":"trang-chu","status":"publish","type":"page","link":"https:\/\/smartcityasia.vn\/en\/","title":{"rendered":"Home Page"},"content":{"rendered":"<div id=\"eJOY \n\n&lt;p lang=\">Un aspecto interesante sobre la salud masculina es que muchos hombres experimentan problemas relacionados con la funci\u00f3n sexual a lo largo de sus vidas. De hecho, se estima que una de cada cuatro personas que buscan tratamiento para esta condici\u00f3n son menores de 40 a\u00f1os. Aunque existen diversas causas para estos problemas, desde factores psicol\u00f3gicos hasta afecciones m\u00e9dicas, la conversaci\u00f3n abierta sobre el tema es esencial para el bienestar. Algunos hombres pueden buscar tratamientos como el medicamento que se puede obtener al &#8220;, aunque es importante consultar a un m\u00e9dico antes de tomar cualquier decisi\u00f3n. La educaci\u00f3n y el apoyo son fundamentales para abordar este tema com\u00fan y sensible.<\/p>\n<p>__extension_root&#8221; class=&#8221;eJOY__extension_root_class&#8221; style=&#8221;all: unset;&#8221;&gt;<\/p>\n<\/div>\n","protected":false},"excerpt":{"rendered":"<p>Un aspecto interesante sobre la salud masculina es que muchos hombres experimentan problemas relacionados con la funci\u00f3n sexual a lo largo de sus vidas. De hecho, se estima que una de cada cuatro personas que buscan tratamiento para esta condici\u00f3n son menores de 40 a\u00f1os. Aunque existen diversas causas para estos problemas, desde factores psicol\u00f3gicos &#8230; <a title=\"Home Page\" class=\"read-more\" href=\"https:\/\/smartcityasia.vn\/en\/\" aria-label=\"More on Home Page\">Read more<\/a><\/p>\n","protected":false},"author":1,"featured_media":0,"parent":0,"menu_order":0,"comment_status":"closed","ping_status":"closed","template":"templates\/home.php","meta":[],"acf":[],"_links":{"self":[{"href":"https:\/\/smartcityasia.vn\/en\/wp-json\/wp\/v2\/pages\/481"}],"collection":[{"href":"https:\/\/smartcityasia.vn\/en\/wp-json\/wp\/v2\/pages"}],"about":[{"href":"https:\/\/smartcityasia.vn\/en\/wp-json\/wp\/v2\/types\/page"}],"author":[{"embeddable":true,"href":"https:\/\/smartcityasia.vn\/en\/wp-json\/wp\/v2\/users\/1"}],"replies":[{"embeddable":true,"href":"https:\/\/smartcityasia.vn\/en\/wp-json\/wp\/v2\/comments?post=481"}],"version-history":[{"count":129,"href":"https:\/\/smartcityasia.vn\/en\/wp-json\/wp\/v2\/pages\/481\/revisions"}],"predecessor-version":[{"id":87047,"href":"https:\/\/smartcityasia.vn\/en\/wp-json\/wp\/v2\/pages\/481\/revisions\/87047"}],"wp:attachment":[{"href":"https:\/\/smartcityasia.vn\/en\/wp-json\/wp\/v2\/media?parent=481"}],"curies":[{"name":"wp","href":"https:\/\/api.w.org\/{rel}","templated":true}]}}